{"id":384,"date":"2022-12-06T18:36:08","date_gmt":"2022-12-06T18:36:08","guid":{"rendered":"https:\/\/www.son.cz\/?page_id=384"},"modified":"2023-06-20T16:42:41","modified_gmt":"2023-06-20T16:42:41","slug":"bytove-poradenstvi-mmr-cr","status":"publish","type":"page","link":"https:\/\/www.son.cz\/?page_id=384","title":{"rendered":"Bytov\u00e9 poradenstv\u00ed (MMR \u010cR)"},"content":{"rendered":"<p>[et_pb_section fb_built=&#8220;1&#8243; _builder_version=&#8220;4.19.0&#8243; _module_preset=&#8220;default&#8220; background_image=&#8220;http:\/\/www.son.cz\/wp-content\/uploads\/2022\/11\/SON-o.png&#8220; global_colors_info=&#8220;{}&#8220;][et_pb_row _builder_version=&#8220;4.19.1&#8243; _module_preset=&#8220;default&#8220; background_color=&#8220;#FFFFFF&#8220; max_width=&#8220;80%&#8220; border_radii=&#8220;on|4px|4px|4px|4px&#8220; border_width_all=&#8220;40px&#8220; border_color_all=&#8220;#FFFFFF&#8220; global_colors_info=&#8220;{}&#8220;][et_pb_column type=&#8220;4_4&#8243; _builder_version=&#8220;4.19.0&#8243; _module_preset=&#8220;default&#8220; global_colors_info=&#8220;{}&#8220;][et_pb_text _builder_version=&#8220;4.20.4&#8243; _module_preset=&#8220;default&#8220; header_2_font=&#8220;Lexend Deca|600|||||||&#8220; header_2_text_color=&#8220;#E02B20&#8243; header_2_font_size=&#8220;22px&#8220; header_3_font=&#8220;Lexend Deca|600|||||||&#8220; header_3_text_color=&#8220;#20407d&#8220; header_3_font_size=&#8220;42px&#8220; hover_enabled=&#8220;0&#8243; global_colors_info=&#8220;{}&#8220; sticky_enabled=&#8220;0&#8243;]<\/p>\n<h2>PROJEKT<\/h2>\n<h3>Odborn\u00e9 bytov\u00e9 poradenstv\u00ed (MMR \u010cR)<\/h3>\n<p>[\/et_pb_text][et_pb_text _builder_version=&#8220;4.20.4&#8243; _module_preset=&#8220;default&#8220; text_font=&#8220;Lexend Deca|300|||||||&#8220; text_font_size=&#8220;17px&#8220; hover_enabled=&#8220;0&#8243; global_colors_info=&#8220;{}&#8220; sticky_enabled=&#8220;0&#8243;]<\/p>\n<div class=\"page-header\"><\/div>\n<div itemprop=\"articleBody\">\n<p>Poskytovatel dotace: MMR \u010cR<\/p>\n<p>Autor a realiz\u00e1tor projektu: <span>Sdru\u017een\u00ed bytov\u00fdch poraden, z.s.<\/span><\/p>\n<p><span>Sdru\u017een\u00ed bytov\u00fdch poraden, z.s.<\/span> s podporou <strong>Ministerstva pro m\u00edstn\u00ed rozvoj \u010cR<\/strong>\u00a0(MMR \u010cR) p\u0159ipravil projekt, jeho\u017e c\u00edlem je metodick\u00e1 podpora poradenstv\u00ed v\u00a0oblasti bydlen\u00ed. Poradenstv\u00ed je poskytov\u00e1no osobn\u011b v\u00a0reg. por. centrech, telefonicky \u010di prost\u0159ednictv\u00edm e-mailu. D\u00e1le je projekt zam\u011b\u0159en na provozov\u00e1n\u00ed region\u00e1ln\u00edch poradensk\u00fdch center, v\u010d. jejich roz\u0161i\u0159ov\u00e1n\u00ed; organizov\u00e1n\u00ed a spoluorganizov\u00e1n\u00ed semin\u00e1\u0159\u016f a \u0161kolen\u00ed; publika\u010dn\u00ed \u010dinnost. Metodick\u00e1 podpora prob\u00edh\u00e1 v\u00a010 st\u00e1l\u00fdch region\u00e1ln\u00edch poradensk\u00fdch centrech a dal\u0161\u00edch 20 ob\u010dasn\u00fdch por. reg. centrech, z\u00a0\u010d\u00e1sti t\u00e9\u017e ve spolupr\u00e1ci se SMBD v\u00a0r\u00e1mci CICB. Prvotn\u00ed informace jsou\u00a0 poskytov\u00e1ny na poradensk\u00e9 telefonn\u00ed lince (GSM: 733\u00a0604\u00a0828), kter\u00e1 je v\u00a0provozu ka\u017ed\u00fd den. Okruhy poskytnut\u00fdch informac\u00ed:<\/p>\n<ol>\n<li><strong>Okruh: N\u00e1jem, n\u00e1jem bytu a domu, n\u00e1jem prostoru slou\u017e\u00edc\u00edho podnik\u00e1n\u00ed, nebytov\u00e9 prostory, pacht-\u00a0<\/strong>zm\u011bny v\u00a0oblastech n\u00e1jm\u016f, podn\u00e1jm\u016f, pachtu, vztah nov\u00e9ho ob\u010dansk\u00e9ho z\u00e1kon\u00edku ke d\u0159\u00edv\u011bj\u0161\u00ed \u00faprav\u011b n\u00e1jmu, nov\u00e9 pojet\u00ed p\u0159edm\u011btu n\u00e1jmu, doba n\u00e1jmu ur\u010dit\u00e1, neur\u010dit\u00e1, dobr\u00e1 v\u00edra a\u00a0vliv na uzav\u0159en\u00ed smlouvy, specifika spole\u010dn\u00e9ho n\u00e1jmu, zm\u011bny \u00fapravy v\u00fd\u0161e n\u00e1jemn\u00e9ho a\u00a0\u00fahrady za slu\u017eby, ot\u00e1zky pr\u00e1v a\u00a0povinnosti stran, nov\u011b n\u00e1jem slu\u017eebn\u00edho bytu a\u00a0bytu zvl\u00e1\u0161tn\u00edho ur\u010den\u00ed, p\u0159echod n\u00e1jmu, nov\u00e9 pojet\u00ed n\u00e1jmu prostor slou\u017e\u00edc\u00edch k\u00a0podnik\u00e1n\u00ed, vznik, zm\u011bny a\u00a0skon\u010den\u00ed n\u00e1jmu, nov\u00e9 v\u00fdpov\u011bdn\u00ed d\u016fvody, uzav\u00edr\u00e1n\u00ed n\u00e1jemn\u00edch smluv a\u00a0jejich obsah, zvl\u00e1\u0161tn\u00ed a\u00a0objektivn\u00ed ochrana n\u00e1jemce bytu, pr\u00e1va a\u00a0povinnosti n\u00e1jemce a\u00a0pronaj\u00edmatele bytu; n\u00e1jemn\u00e9 a\u00a0mo\u017enosti jeho sjedn\u00e1v\u00e1n\u00ed, jistota;<\/li>\n<li><strong>Okruh: Problematika slu\u017eeb spojen\u00fdch s\u00a0u\u017e\u00edv\u00e1n\u00edm bytu &#8211;\u00a0<\/strong>\u00fahrada za slu\u017eby, z\u00e1lohy, roz\u00fa\u010dtov\u00e1n\u00ed a\u00a0vy\u00fa\u010dtov\u00e1n\u00ed dle z\u00e1kona \u010d. 67\/2013 Sb. a dal\u0161\u00edch prov\u00e1d\u011bc\u00edch p\u0159edpis\u016f;<\/li>\n<li><strong>Okruh: Bytov\u00e9 spoluvlastnictv\u00ed<\/strong>&#8211; vymezen\u00ed jednotky, spole\u010dn\u00e9 \u010d\u00e1sti domu, vznik jednotky, z\u00e1pis do KN, pr\u00e1va a povinnosti vlastn\u00edka jednotky, prohl\u00e1\u0161en\u00ed vlastn\u00edka, zm\u011bna v\u00a0prohl\u00e1\u0161en\u00ed vlastn\u00edka, p\u0159evod jednotky, Spole\u010denstv\u00ed vlastn\u00edk\u016f jednotek, Stanovy SVJ, zm\u011bny p\u0159i hlasov\u00e1n\u00ed na shrom\u00e1\u017ed\u011bn\u00ed vlastn\u00edk\u016f, statut\u00e1rn\u00ed org\u00e1ny, pr\u00e1va a povinnosti vlastn\u00edka bytov\u00e9 jednotky, platby do fondu oprav apod.<\/li>\n<li><strong>Okruh: Bytov\u00e9 dru\u017estvo &#8211;<\/strong>vymezen\u00ed pojmu dru\u017estevn\u00ed byt a dru\u017estevn\u00ed nebytov\u00fd prostor, n\u00e1jem dru\u017estevn\u00edho bytu, p\u0159evod dru\u017estevn\u00edho pod\u00edlu, z\u00e1nik \u010dlenstv\u00ed, pr\u00e1va a povinnosti \u010dlena bytov\u00e9ho dru\u017estva, stanovy BD;<\/li>\n<\/ol>\n<\/div>\n<p>[\/et_pb_text][\/et_pb_column][\/et_pb_row][\/et_pb_section]<\/p>\n","protected":false},"excerpt":{"rendered":"<p>PROJEKT Odborn\u00e9 bytov\u00e9 poradenstv\u00ed (MMR \u010cR) Poskytovatel dotace: MMR \u010cR Autor a realiz\u00e1tor projektu: Sdru\u017een\u00ed bytov\u00fdch poraden, z.s. Sdru\u017een\u00ed bytov\u00fdch poraden, z.s. s podporou Ministerstva pro m\u00edstn\u00ed rozvoj \u010cR\u00a0(MMR \u010cR) p\u0159ipravil projekt, jeho\u017e c\u00edlem je metodick\u00e1 podpora poradenstv\u00ed v\u00a0oblasti bydlen\u00ed. Poradenstv\u00ed je poskytov\u00e1no osobn\u011b v\u00a0reg. por. centrech, telefonicky \u010di prost\u0159ednictv\u00edm e-mailu. D\u00e1le je projekt zam\u011b\u0159en [&hellip;]<\/p>\n","protected":false},"author":1,"featured_media":0,"parent":27,"menu_order":0,"comment_status":"closed","ping_status":"closed","template":"","meta":{"_et_pb_use_builder":"on","_et_pb_old_content":"","_et_gb_content_width":"","inline_featured_image":false,"footnotes":""},"class_list":["post-384","page","type-page","status-publish","hentry"],"_links":{"self":[{"href":"https:\/\/www.son.cz\/index.php?rest_route=\/wp\/v2\/pages\/384","targetHints":{"allow":["GET"]}}],"collection":[{"href":"https:\/\/www.son.cz\/index.php?rest_route=\/wp\/v2\/pages"}],"about":[{"href":"https:\/\/www.son.cz\/index.php?rest_route=\/wp\/v2\/types\/page"}],"author":[{"embeddable":true,"href":"https:\/\/www.son.cz\/index.php?rest_route=\/wp\/v2\/users\/1"}],"replies":[{"embeddable":true,"href":"https:\/\/www.son.cz\/index.php?rest_route=%2Fwp%2Fv2%2Fcomments&post=384"}],"version-history":[{"count":3,"href":"https:\/\/www.son.cz\/index.php?rest_route=\/wp\/v2\/pages\/384\/revisions"}],"predecessor-version":[{"id":945,"href":"https:\/\/www.son.cz\/index.php?rest_route=\/wp\/v2\/pages\/384\/revisions\/945"}],"up":[{"embeddable":true,"href":"https:\/\/www.son.cz\/index.php?rest_route=\/wp\/v2\/pages\/27"}],"wp:attachment":[{"href":"https:\/\/www.son.cz\/index.php?rest_route=%2Fwp%2Fv2%2Fmedia&parent=384"}],"curies":[{"name":"wp","href":"https:\/\/api.w.org\/{rel}","templated":true}]}}