{"id":380,"date":"2022-12-06T18:32:59","date_gmt":"2022-12-06T18:32:59","guid":{"rendered":"https:\/\/www.son.cz\/?page_id=380"},"modified":"2022-12-14T19:07:24","modified_gmt":"2022-12-14T19:07:24","slug":"bytove-poradenstvi-pro-seniory-a-zdravotne-postizene-v-roce-2022","status":"publish","type":"page","link":"https:\/\/www.son.cz\/?page_id=380","title":{"rendered":"Bytov\u00e9 poradenstv\u00ed (MPSV)"},"content":{"rendered":"<p>[et_pb_section fb_built=&#8220;1&#8243; _builder_version=&#8220;4.19.0&#8243; _module_preset=&#8220;default&#8220; background_image=&#8220;http:\/\/www.son.cz\/wp-content\/uploads\/2022\/11\/SON-o.png&#8220; global_colors_info=&#8220;{}&#8220;][et_pb_row _builder_version=&#8220;4.19.1&#8243; _module_preset=&#8220;default&#8220; background_color=&#8220;#FFFFFF&#8220; max_width=&#8220;80%&#8220; custom_margin=&#8220;|auto|48px|auto||&#8220; border_radii=&#8220;on|4px|4px|4px|4px&#8220; border_width_all=&#8220;40px&#8220; border_color_all=&#8220;#FFFFFF&#8220; global_colors_info=&#8220;{}&#8220;][et_pb_column type=&#8220;4_4&#8243; _builder_version=&#8220;4.19.0&#8243; _module_preset=&#8220;default&#8220; global_colors_info=&#8220;{}&#8220;][et_pb_text _builder_version=&#8220;4.19.1&#8243; _module_preset=&#8220;default&#8220; header_2_font=&#8220;Lexend Deca|600|||||||&#8220; header_2_text_color=&#8220;#E02B20&#8243; header_2_font_size=&#8220;22px&#8220; header_3_font=&#8220;Lexend Deca|600|||||||&#8220; header_3_text_color=&#8220;#20407d&#8220; header_3_font_size=&#8220;42px&#8220; global_colors_info=&#8220;{}&#8220;]<\/p>\n<h2>PROJEKT<\/h2>\n<h3>Bytov\u00e9 poradenstv\u00ed pro seniory a zdravotn\u011b posti\u017een\u00e9 v roce 2022<\/h3>\n<p>[\/et_pb_text][et_pb_text _builder_version=&#8220;4.19.2&#8243; _module_preset=&#8220;default&#8220; text_font=&#8220;Lexend Deca|300|||||||&#8220; text_font_size=&#8220;17px&#8220; hover_enabled=&#8220;0&#8243; global_colors_info=&#8220;{}&#8220; sticky_enabled=&#8220;0&#8243;]<\/p>\n<div class=\"page-header\">\n<h2 itemprop=\"headline\"><span style=\"font-size: 16px;\">Poskytovatel dotace: MPSV \u010cR<\/span><\/h2>\n<\/div>\n<div itemprop=\"articleBody\">\n<p>Autor a realiz\u00e1tor projektu: Sdru\u017een\u00ed n\u00e1jemn\u00edk\u016f \u010cR, z.s.<\/p>\n<p>Sdru\u017een\u00ed n\u00e1jemn\u00edk\u016f \u010cesk\u00e9 republiky, z. s.\u00a0 s podporou\u00a0<strong>Ministerstva pr\u00e1ce a soci\u00e1ln\u00edch v\u011bc\u00ed \u010cR<\/strong>\u00a0(MPSV \u010cR) p\u0159ipravilo projekt, jeho\u017e c\u00edlem je odborn\u00e1 pomoc senior\u016fm a zdravotn\u011b posti\u017een\u00fdm v \u010cR v\u00a0<strong>bytov\u00e9 a soci\u00e1ln\u00ed oblasti<\/strong>.<\/p>\n<p>Odborn\u00e9 poradenstv\u00ed je poskytov\u00e1no osobn\u011b v\u00a0reg. por. centrech, telefonicky \u010di prost\u0159ednictv\u00edm e-mailu.<\/p>\n<p>Projekt je ur\u010den pro seniory a zdravotn\u011b posti\u017een\u00e9 a klade si za c\u00edl zejm\u00e9na:<\/p>\n<ul>\n<li><strong>zachovat st\u00e1vaj\u00edc\u00ed bydlen\u00ed senior\u016f a osob zdr. posti\u017een\u00fdch (konkr\u00e9tn\u011b se jedn\u00e1 nap\u0159. o pomoc p\u0159i pod\u00e1n\u00ed \u017e\u00e1dosti o p\u0159\u00edsp\u011bvek na bydlen\u00ed, kontrolu vy\u00fa\u010dtov\u00e1n\u00ed z\u00e1loh za slu\u017eby spojen\u00e9 s u\u017e\u00edv\u00e1n\u00edm bytu apod.)<\/strong><\/li>\n<li><strong>\u00fasporu celkov\u00fdch n\u00e1klad\u016f za bydlen\u00ed\u00a0senior\u016f a osob zdr. posti\u017een\u00fdch<\/strong><\/li>\n<li><strong>ochr\u00e1nit seniory a osoby zdr. posti\u017een\u00e9 p\u0159ed uzav\u0159en\u00edm nev\u00fdhodn\u00fdch smluv (nap\u0159. kontrola n\u00e1jemn\u00edch smluv a dodatk\u016f)\u00a0<\/strong><\/li>\n<\/ul>\n<p>SON \u010cR organizuje a po\u0159\u00e1d\u00e1 p\u0159edn\u00e1\u0161ky a besedy v klubech d\u016fchodc\u016f a senior\u016f a v\u00a0organizac\u00edch sdru\u017euj\u00edc\u00edch seniory nebo osoby zdravotn\u011b posti\u017een\u00e9. V\u00a0p\u0159\u00edpad\u011b z\u00e1jmu o p\u0159edn\u00e1\u0161ku \u010di besedu n\u00e1s nev\u00e1hejte kontaktovat.<\/p>\n<p>D\u00e1le SON \u010cR spolupracuje i se zahrani\u010dn\u00edmi partnery p\u0159i realizaci z\u00e1kon\u016f v\u00a0oblasti bytov\u00e9 a soci\u00e1ln\u00ed. Je \u0159\u00e1dn\u00fdm \u010dlenem Mezin\u00e1rodn\u00ed unie n\u00e1jemn\u00edk\u016f (IUT International Union of Tenants). Tato organizace sdru\u017euje 92 organizac\u00ed z cel\u00e9ho sv\u011bta. Od roku 2000 je sv\u00fdm z\u00e1stupcem zastoupen v \u0159\u00edd\u00edc\u00edm org\u00e1nu t\u00e9to organizace &#8211; p\u0159edsednictvem, kter\u00e9 m\u00e1 10 \u0159\u00e1dn\u00fdch \u010dlen\u016f (N\u011bmecko, Rakousko, \u0160v\u00fdcarsko, \u0160v\u00e9dsko, Finsko, Norsko, D\u00e1nsko, Francie, Holandsko, \u010cesk\u00e1 republika).<\/p>\n<p>Poradenstv\u00ed je poskytov\u00e1no osobn\u011b v\u00a0region\u00e1ln\u00edch poradensk\u00fdch centrech, telefonicky \u010di prost\u0159ednictv\u00edm e-mailu, tel.:\u00a0+420\u00a0733\u00a0604 828, e-mail:\u00a0<span id=\"cloak37c5a6e69590c7e5fa668944d493cd7e\"><a href=\"mailto:info@son.cz\">info@son.cz<\/a><\/span>.<\/p>\n<p><strong>P\u0159edm\u011btem poraden nen\u00ed vypracov\u00e1n\u00ed p\u00edsemn\u00fdch pod\u00e1n\u00ed pro soudy \u010di jin\u00e9 st\u00e1tn\u00ed org\u00e1ny a nenahrazuje zastoupen\u00ed advok\u00e1tem.<\/strong><\/p>\n<p>Z\u00e1jemc\u016fm z c\u00edlov\u00fdch skupin budou zaji\u0161t\u011bny kvalitn\u00ed, diskr\u00e9tn\u00ed a odborn\u00e9 rady v oblasti bydlen\u00ed, p\u0159\u00edpadn\u011b soci\u00e1ln\u00ed. Poradenstv\u00ed poskytuj\u00ed odborn\u00edci na bytovou oblast, kte\u0159\u00ed s na\u0161\u00edm sdru\u017een\u00edm spolupracuj\u00ed dlouhodob\u011b krom\u011b dosa\u017een\u00e9ho vzd\u011bl\u00e1n\u00ed a praxe se pravideln\u011b \u00fa\u010dastn\u00ed i odborn\u00fdch \u0161kolen\u00ed. Konzultace jsou bezplatn\u00e9 s mo\u017enost\u00ed dobrovoln\u00e9ho p\u0159\u00edsp\u011bvku na rozvoj tohoto poradenstv\u00ed \/Sdru\u017een\u00ed n\u00e1jemn\u00edk\u016f \u010cR je povinno financovat 30 % n\u00e1kladu projektu\/.<\/p>\n<p>Z\u00e1jemci o konzultaci se prok\u00e1\u017eou dokladem potvrzuj\u00edc\u00ed p\u0159\u00edjem starobn\u00edho \u010di invalidn\u00edho d\u016fchodu, stejn\u011b jako jejich p\u0159\u00edpadn\u00ed zmocn\u011bnci s uveden\u00edm jm\u00e9na, p\u0159\u00edjmen\u00ed, adresy a data narozen\u00ed.<\/p>\n<\/div>\n<p>[\/et_pb_text][\/et_pb_column][\/et_pb_row][\/et_pb_section]<\/p>\n","protected":false},"excerpt":{"rendered":"<p>PROJEKT Bytov\u00e9 poradenstv\u00ed pro seniory a zdravotn\u011b posti\u017een\u00e9 v roce 2022 Poskytovatel dotace: MPSV \u010cR Autor a realiz\u00e1tor projektu: Sdru\u017een\u00ed n\u00e1jemn\u00edk\u016f \u010cR, z.s. Sdru\u017een\u00ed n\u00e1jemn\u00edk\u016f \u010cesk\u00e9 republiky, z. s.\u00a0 s podporou\u00a0Ministerstva pr\u00e1ce a soci\u00e1ln\u00edch v\u011bc\u00ed \u010cR\u00a0(MPSV \u010cR) p\u0159ipravilo projekt, jeho\u017e c\u00edlem je odborn\u00e1 pomoc senior\u016fm a zdravotn\u011b posti\u017een\u00fdm v \u010cR v\u00a0bytov\u00e9 a soci\u00e1ln\u00ed oblasti. Odborn\u00e9 [&hellip;]<\/p>\n","protected":false},"author":1,"featured_media":0,"parent":27,"menu_order":0,"comment_status":"closed","ping_status":"closed","template":"","meta":{"_et_pb_use_builder":"on","_et_pb_old_content":"","_et_gb_content_width":"","inline_featured_image":false,"footnotes":""},"class_list":["post-380","page","type-page","status-publish","hentry"],"_links":{"self":[{"href":"https:\/\/www.son.cz\/index.php?rest_route=\/wp\/v2\/pages\/380","targetHints":{"allow":["GET"]}}],"collection":[{"href":"https:\/\/www.son.cz\/index.php?rest_route=\/wp\/v2\/pages"}],"about":[{"href":"https:\/\/www.son.cz\/index.php?rest_route=\/wp\/v2\/types\/page"}],"author":[{"embeddable":true,"href":"https:\/\/www.son.cz\/index.php?rest_route=\/wp\/v2\/users\/1"}],"replies":[{"embeddable":true,"href":"https:\/\/www.son.cz\/index.php?rest_route=%2Fwp%2Fv2%2Fcomments&post=380"}],"version-history":[{"count":4,"href":"https:\/\/www.son.cz\/index.php?rest_route=\/wp\/v2\/pages\/380\/revisions"}],"predecessor-version":[{"id":729,"href":"https:\/\/www.son.cz\/index.php?rest_route=\/wp\/v2\/pages\/380\/revisions\/729"}],"up":[{"embeddable":true,"href":"https:\/\/www.son.cz\/index.php?rest_route=\/wp\/v2\/pages\/27"}],"wp:attachment":[{"href":"https:\/\/www.son.cz\/index.php?rest_route=%2Fwp%2Fv2%2Fmedia&parent=380"}],"curies":[{"name":"wp","href":"https:\/\/api.w.org\/{rel}","templated":true}]}}