{"id":27,"date":"2022-11-14T08:19:56","date_gmt":"2022-11-14T08:19:56","guid":{"rendered":"https:\/\/www.son.cz\/?page_id=27"},"modified":"2024-07-11T10:00:58","modified_gmt":"2024-07-11T10:00:58","slug":"projekty","status":"publish","type":"page","link":"https:\/\/www.son.cz\/?page_id=27","title":{"rendered":"PROJEKTY"},"content":{"rendered":"<p>[et_pb_section fb_built=&#8220;1&#8243; _builder_version=&#8220;4.19.0&#8243; _module_preset=&#8220;default&#8220; background_image=&#8220;http:\/\/www.son.cz\/wp-content\/uploads\/2022\/11\/SON-o.png&#8220; global_colors_info=&#8220;{}&#8220;][et_pb_row _builder_version=&#8220;4.19.1&#8243; _module_preset=&#8220;default&#8220; background_color=&#8220;#FFFFFF&#8220; max_width=&#8220;80%&#8220; border_radii=&#8220;on|4px|4px|4px|4px&#8220; border_width_all=&#8220;40px&#8220; border_color_all=&#8220;#FFFFFF&#8220; global_colors_info=&#8220;{}&#8220;][et_pb_column type=&#8220;4_4&#8243; _builder_version=&#8220;4.19.0&#8243; _module_preset=&#8220;default&#8220; global_colors_info=&#8220;{}&#8220;][et_pb_text _builder_version=&#8220;4.19.2&#8243; _module_preset=&#8220;default&#8220; header_2_font=&#8220;Lexend Deca|600|||||||&#8220; header_2_text_color=&#8220;#E02B20&#8243; header_2_font_size=&#8220;22px&#8220; header_3_font=&#8220;Lexend Deca|600|||||||&#8220; header_3_text_color=&#8220;#20407d&#8220; header_3_font_size=&#8220;42px&#8220; global_colors_info=&#8220;{}&#8220;]<\/p>\n<h2>PROJEKT<\/h2>\n<h3>Odborn\u00e9 bytov\u00e9 poradenstv\u00ed (MMR \u010cR)<\/h3>\n<p>[\/et_pb_text][et_pb_image src=&#8220;http:\/\/www.son.cz\/wp-content\/uploads\/2022\/12\/MMR.png&#8220; title_text=&#8220;MMR&#8220; _builder_version=&#8220;4.20.4&#8243; _module_preset=&#8220;default&#8220; width=&#8220;29%&#8220; max_width=&#8220;29%&#8220; global_colors_info=&#8220;{}&#8220;][\/et_pb_image][et_pb_text _builder_version=&#8220;4.20.4&#8243; _module_preset=&#8220;default&#8220; text_font=&#8220;Lexend Deca|300|||||||&#8220; text_font_size=&#8220;17px&#8220; global_colors_info=&#8220;{}&#8220;]<\/p>\n<div class=\"page-header\"><\/div>\n<div itemprop=\"articleBody\">\n<p>Poskytovatel dotace: MMR \u010cR<\/p>\n<p>Autor a realiz\u00e1tor projektu: Sdru\u017een\u00ed bytov\u00fdch poraden, z.s.<\/p>\n<p>Sdru\u017een\u00ed bytov\u00fdch poraden, z.s. s podporou <strong>Ministerstva pro m\u00edstn\u00ed rozvoj \u010cR<\/strong>\u00a0(MMR \u010cR) p\u0159ipravil projekt, jeho\u017e c\u00edlem je metodick\u00e1 podpora poradenstv\u00ed v\u00a0oblasti bydlen\u00ed. Poradenstv\u00ed je poskytov\u00e1no osobn\u011b v\u00a0reg. por. centrech, telefonicky \u010di prost\u0159ednictv\u00edm e-mailu. D\u00e1le je projekt zam\u011b\u0159en na provozov\u00e1n\u00ed region\u00e1ln\u00edch poradensk\u00fdch center, v\u010d. jejich roz\u0161i\u0159ov\u00e1n\u00ed; organizov\u00e1n\u00ed a spoluorganizov\u00e1n\u00ed semin\u00e1\u0159\u016f a \u0161kolen\u00ed; publika\u010dn\u00ed \u010dinnost. Metodick\u00e1 podpora prob\u00edh\u00e1 v\u00a010 st\u00e1l\u00fdch region\u00e1ln\u00edch poradensk\u00fdch centrech a dal\u0161\u00edch 20 ob\u010dasn\u00fdch por. reg. centrech, z\u00a0\u010d\u00e1sti t\u00e9\u017e ve spolupr\u00e1ci se SMBD v\u00a0r\u00e1mci CICB. Prvotn\u00ed informace jsou\u00a0 poskytov\u00e1ny na poradensk\u00e9 telefonn\u00ed lince (GSM: 733\u00a0604\u00a0828), kter\u00e1 je v\u00a0provozu ka\u017ed\u00fd den. Okruhy poskytnut\u00fdch informac\u00ed:<\/p>\n<ol>\n<li><strong>Okruh: N\u00e1jem, n\u00e1jem bytu a domu, n\u00e1jem prostoru slou\u017e\u00edc\u00edho podnik\u00e1n\u00ed, nebytov\u00e9 prostory, pacht-\u00a0<\/strong>zm\u011bny v\u00a0oblastech n\u00e1jm\u016f, podn\u00e1jm\u016f, pachtu, vztah nov\u00e9ho ob\u010dansk\u00e9ho z\u00e1kon\u00edku ke d\u0159\u00edv\u011bj\u0161\u00ed \u00faprav\u011b n\u00e1jmu, nov\u00e9 pojet\u00ed p\u0159edm\u011btu n\u00e1jmu, doba n\u00e1jmu ur\u010dit\u00e1, neur\u010dit\u00e1, dobr\u00e1 v\u00edra a\u00a0vliv na uzav\u0159en\u00ed smlouvy, specifika spole\u010dn\u00e9ho n\u00e1jmu, zm\u011bny \u00fapravy v\u00fd\u0161e n\u00e1jemn\u00e9ho a\u00a0\u00fahrady za slu\u017eby, ot\u00e1zky pr\u00e1v a\u00a0povinnosti stran, nov\u011b n\u00e1jem slu\u017eebn\u00edho bytu a\u00a0bytu zvl\u00e1\u0161tn\u00edho ur\u010den\u00ed, p\u0159echod n\u00e1jmu, nov\u00e9 pojet\u00ed n\u00e1jmu prostor slou\u017e\u00edc\u00edch k\u00a0podnik\u00e1n\u00ed, vznik, zm\u011bny a\u00a0skon\u010den\u00ed n\u00e1jmu, nov\u00e9 v\u00fdpov\u011bdn\u00ed d\u016fvody, uzav\u00edr\u00e1n\u00ed n\u00e1jemn\u00edch smluv a\u00a0jejich obsah, zvl\u00e1\u0161tn\u00ed a\u00a0objektivn\u00ed ochrana n\u00e1jemce bytu, pr\u00e1va a\u00a0povinnosti n\u00e1jemce a\u00a0pronaj\u00edmatele bytu; n\u00e1jemn\u00e9 a\u00a0mo\u017enosti jeho sjedn\u00e1v\u00e1n\u00ed, jistota;<\/li>\n<li><strong>Okruh: Problematika slu\u017eeb spojen\u00fdch s\u00a0u\u017e\u00edv\u00e1n\u00edm bytu &#8211;\u00a0<\/strong>\u00fahrada za slu\u017eby, z\u00e1lohy, roz\u00fa\u010dtov\u00e1n\u00ed a\u00a0vy\u00fa\u010dtov\u00e1n\u00ed dle z\u00e1kona \u010d. 67\/2013 Sb. a dal\u0161\u00edch prov\u00e1d\u011bc\u00edch p\u0159edpis\u016f;<\/li>\n<li><strong>Okruh: Bytov\u00e9 spoluvlastnictv\u00ed<\/strong>&#8211; vymezen\u00ed jednotky, spole\u010dn\u00e9 \u010d\u00e1sti domu, vznik jednotky, z\u00e1pis do KN, pr\u00e1va a povinnosti vlastn\u00edka jednotky, prohl\u00e1\u0161en\u00ed vlastn\u00edka, zm\u011bna v\u00a0prohl\u00e1\u0161en\u00ed vlastn\u00edka, p\u0159evod jednotky, Spole\u010denstv\u00ed vlastn\u00edk\u016f jednotek, Stanovy SVJ, zm\u011bny p\u0159i hlasov\u00e1n\u00ed na shrom\u00e1\u017ed\u011bn\u00ed vlastn\u00edk\u016f, statut\u00e1rn\u00ed org\u00e1ny, pr\u00e1va a povinnosti vlastn\u00edka bytov\u00e9 jednotky, platby do fondu oprav apod.<\/li>\n<li><strong>Okruh: Bytov\u00e9 dru\u017estvo &#8211;<\/strong>vymezen\u00ed pojmu dru\u017estevn\u00ed byt a dru\u017estevn\u00ed nebytov\u00fd prostor, n\u00e1jem dru\u017estevn\u00edho bytu, p\u0159evod dru\u017estevn\u00edho pod\u00edlu, z\u00e1nik \u010dlenstv\u00ed, pr\u00e1va a povinnosti \u010dlena bytov\u00e9ho dru\u017estva, stanovy BD;<\/li>\n<\/ol>\n<\/div>\n<p>[\/et_pb_text][\/et_pb_column][\/et_pb_row][et_pb_row _builder_version=&#8220;4.19.1&#8243; _module_preset=&#8220;default&#8220; background_color=&#8220;#FFFFFF&#8220; max_width=&#8220;80%&#8220; custom_margin=&#8220;|auto|48px|auto||&#8220; border_radii=&#8220;on|4px|4px|4px|4px&#8220; border_width_all=&#8220;40px&#8220; border_color_all=&#8220;#FFFFFF&#8220; global_colors_info=&#8220;{}&#8220;][et_pb_column type=&#8220;4_4&#8243; _builder_version=&#8220;4.19.0&#8243; _module_preset=&#8220;default&#8220; global_colors_info=&#8220;{}&#8220;][et_pb_text _builder_version=&#8220;4.19.1&#8243; _module_preset=&#8220;default&#8220; header_2_font=&#8220;Lexend Deca|600|||||||&#8220; header_2_text_color=&#8220;#E02B20&#8243; header_2_font_size=&#8220;22px&#8220; header_3_font=&#8220;Lexend Deca|600|||||||&#8220; header_3_text_color=&#8220;#20407d&#8220; header_3_font_size=&#8220;42px&#8220; global_colors_info=&#8220;{}&#8220;]<\/p>\n<h2>PROJEKT<\/h2>\n<h3>Bytov\u00e9 poradenstv\u00ed pro seniory a zdravotn\u011b posti\u017een\u00e9<\/h3>\n<p>[\/et_pb_text][et_pb_image src=&#8220;http:\/\/www.son.cz\/wp-content\/uploads\/2022\/12\/mpsv_logo-1.png&#8220; title_text=&#8220;mpsv_logo&#8220; _builder_version=&#8220;4.20.4&#8243; _module_preset=&#8220;default&#8220; width=&#8220;32%&#8220; max_width=&#8220;32%&#8220; global_colors_info=&#8220;{}&#8220;][\/et_pb_image][et_pb_text _builder_version=&#8220;4.20.4&#8243; _module_preset=&#8220;default&#8220; text_font=&#8220;Lexend Deca|300|||||||&#8220; text_font_size=&#8220;17px&#8220; global_colors_info=&#8220;{}&#8220;]<\/p>\n<div class=\"page-header\">\n<h2 itemprop=\"headline\"><span style=\"font-size: 16px;\">Poskytovatel dotace: MPSV \u010cR<\/span><\/h2>\n<\/div>\n<div itemprop=\"articleBody\">\n<p>Autor a realiz\u00e1tor projektu: Sdru\u017een\u00ed n\u00e1jemn\u00edk\u016f \u010cR, z.s.<\/p>\n<p>Sdru\u017een\u00ed n\u00e1jemn\u00edk\u016f \u010cesk\u00e9 republiky, z. s.\u00a0 s podporou\u00a0<strong>Ministerstva pr\u00e1ce a soci\u00e1ln\u00edch v\u011bc\u00ed \u010cR<\/strong>\u00a0(MPSV \u010cR) p\u0159ipravilo projekt, jeho\u017e c\u00edlem je odborn\u00e1 pomoc senior\u016fm a zdravotn\u011b posti\u017een\u00fdm v \u010cR v\u00a0<strong>bytov\u00e9 a soci\u00e1ln\u00ed oblasti<\/strong>.<\/p>\n<p>Odborn\u00e9 poradenstv\u00ed je poskytov\u00e1no osobn\u011b v\u00a0reg. por. centrech, telefonicky \u010di prost\u0159ednictv\u00edm e-mailu.<\/p>\n<p>Projekt je ur\u010den pro seniory a zdravotn\u011b posti\u017een\u00e9 a klade si za c\u00edl zejm\u00e9na:<\/p>\n<ul>\n<li><strong>zachovat st\u00e1vaj\u00edc\u00ed bydlen\u00ed senior\u016f a osob zdr. posti\u017een\u00fdch (konkr\u00e9tn\u011b se jedn\u00e1 nap\u0159. o pomoc p\u0159i pod\u00e1n\u00ed \u017e\u00e1dosti o p\u0159\u00edsp\u011bvek na bydlen\u00ed, kontrolu vy\u00fa\u010dtov\u00e1n\u00ed z\u00e1loh za slu\u017eby spojen\u00e9 s u\u017e\u00edv\u00e1n\u00edm bytu apod.)<\/strong><\/li>\n<li><strong>\u00fasporu celkov\u00fdch n\u00e1klad\u016f za bydlen\u00ed\u00a0senior\u016f a osob zdr. posti\u017een\u00fdch<\/strong><\/li>\n<li><strong>ochr\u00e1nit seniory a osoby zdr. posti\u017een\u00e9 p\u0159ed uzav\u0159en\u00edm nev\u00fdhodn\u00fdch smluv (nap\u0159. kontrola n\u00e1jemn\u00edch smluv a dodatk\u016f)\u00a0<\/strong><\/li>\n<\/ul>\n<p>SON \u010cR organizuje a po\u0159\u00e1d\u00e1 p\u0159edn\u00e1\u0161ky a besedy v klubech d\u016fchodc\u016f a senior\u016f a v\u00a0organizac\u00edch sdru\u017euj\u00edc\u00edch seniory nebo osoby zdravotn\u011b posti\u017een\u00e9. V\u00a0p\u0159\u00edpad\u011b z\u00e1jmu o p\u0159edn\u00e1\u0161ku \u010di besedu n\u00e1s nev\u00e1hejte kontaktovat.<\/p>\n<p>D\u00e1le SON \u010cR spolupracuje i se zahrani\u010dn\u00edmi partnery p\u0159i realizaci z\u00e1kon\u016f v oblasti bytov\u00e9 a soci\u00e1ln\u00ed. Je \u0159\u00e1dn\u00fdm \u010dlenem Mezin\u00e1rodn\u00ed unie n\u00e1jemn\u00edk\u016f (IUT International Union of Tenants). Tato organizace sdru\u017euje 74 organizac\u00ed v 51 zem\u00edch sv\u011bta. Od roku 2000 je sv\u00fdm z\u00e1stupcem zastoupen v \u0159\u00edd\u00edc\u00edm org\u00e1nu t\u00e9to organizace &#8211; p\u0159edsednictvem, kter\u00e9 m\u00e1 10 \u0159\u00e1dn\u00fdch \u010dlen\u016f (N\u011bmecko, Rakousko, \u0160v\u00fdcarsko, \u0160v\u00e9dsko, Finsko, Norsko, D\u00e1nsko, Francie, Holandsko, \u010cesk\u00e1 republika).<\/p>\n<p>Poradenstv\u00ed je poskytov\u00e1no osobn\u011b v\u00a0region\u00e1ln\u00edch poradensk\u00fdch centrech, telefonicky \u010di prost\u0159ednictv\u00edm e-mailu, tel.:\u00a0+420\u00a0733\u00a0604 828, e-mail:\u00a0<span id=\"cloak37c5a6e69590c7e5fa668944d493cd7e\"><a href=\"mailto:info@son.cz\">info@son.cz<\/a><\/span>.<\/p>\n<p><strong>P\u0159edm\u011btem poraden nen\u00ed vypracov\u00e1n\u00ed p\u00edsemn\u00fdch pod\u00e1n\u00ed pro soudy \u010di jin\u00e9 st\u00e1tn\u00ed org\u00e1ny a nenahrazuje zastoupen\u00ed advok\u00e1tem.<\/strong><\/p>\n<p>Z\u00e1jemc\u016fm z c\u00edlov\u00fdch skupin budou zaji\u0161t\u011bny kvalitn\u00ed, diskr\u00e9tn\u00ed a odborn\u00e9 rady v oblasti bydlen\u00ed, p\u0159\u00edpadn\u011b soci\u00e1ln\u00ed. Poradenstv\u00ed poskytuj\u00ed odborn\u00edci na bytovou oblast, kte\u0159\u00ed s na\u0161\u00edm sdru\u017een\u00edm spolupracuj\u00ed dlouhodob\u011b krom\u011b dosa\u017een\u00e9ho vzd\u011bl\u00e1n\u00ed a praxe se pravideln\u011b \u00fa\u010dastn\u00ed i odborn\u00fdch \u0161kolen\u00ed. Konzultace jsou bezplatn\u00e9 s mo\u017enost\u00ed dobrovoln\u00e9ho p\u0159\u00edsp\u011bvku na rozvoj tohoto poradenstv\u00ed.<\/p>\n<p>Z\u00e1jemci o konzultaci se prok\u00e1\u017eou dokladem potvrzuj\u00edc\u00ed p\u0159\u00edjem starobn\u00edho \u010di invalidn\u00edho d\u016fchodu, stejn\u011b jako jejich p\u0159\u00edpadn\u00ed zmocn\u011bnci s uveden\u00edm jm\u00e9na, p\u0159\u00edjmen\u00ed, adresy a data narozen\u00ed.<\/p>\n<\/div>\n<p>[\/et_pb_text][\/et_pb_column][\/et_pb_row][\/et_pb_section]<\/p>\n","protected":false},"excerpt":{"rendered":"<p>PROJEKT Odborn\u00e9 bytov\u00e9 poradenstv\u00ed (MMR \u010cR) Poskytovatel dotace: MMR \u010cR Autor a realiz\u00e1tor projektu: Sdru\u017een\u00ed bytov\u00fdch poraden, z.s. Sdru\u017een\u00ed bytov\u00fdch poraden, z.s. s podporou Ministerstva pro m\u00edstn\u00ed rozvoj \u010cR\u00a0(MMR \u010cR) p\u0159ipravil projekt, jeho\u017e c\u00edlem je metodick\u00e1 podpora poradenstv\u00ed v\u00a0oblasti bydlen\u00ed. Poradenstv\u00ed je poskytov\u00e1no osobn\u011b v\u00a0reg. por. centrech, telefonicky \u010di prost\u0159ednictv\u00edm e-mailu. D\u00e1le je projekt zam\u011b\u0159en [&hellip;]<\/p>\n","protected":false},"author":1,"featured_media":0,"parent":0,"menu_order":0,"comment_status":"closed","ping_status":"closed","template":"","meta":{"_et_pb_use_builder":"on","_et_pb_old_content":"","_et_gb_content_width":"","inline_featured_image":false,"footnotes":""},"class_list":["post-27","page","type-page","status-publish","hentry"],"_links":{"self":[{"href":"https:\/\/www.son.cz\/index.php?rest_route=\/wp\/v2\/pages\/27","targetHints":{"allow":["GET"]}}],"collection":[{"href":"https:\/\/www.son.cz\/index.php?rest_route=\/wp\/v2\/pages"}],"about":[{"href":"https:\/\/www.son.cz\/index.php?rest_route=\/wp\/v2\/types\/page"}],"author":[{"embeddable":true,"href":"https:\/\/www.son.cz\/index.php?rest_route=\/wp\/v2\/users\/1"}],"replies":[{"embeddable":true,"href":"https:\/\/www.son.cz\/index.php?rest_route=%2Fwp%2Fv2%2Fcomments&post=27"}],"version-history":[{"count":13,"href":"https:\/\/www.son.cz\/index.php?rest_route=\/wp\/v2\/pages\/27\/revisions"}],"predecessor-version":[{"id":1068,"href":"https:\/\/www.son.cz\/index.php?rest_route=\/wp\/v2\/pages\/27\/revisions\/1068"}],"wp:attachment":[{"href":"https:\/\/www.son.cz\/index.php?rest_route=%2Fwp%2Fv2%2Fmedia&parent=27"}],"curies":[{"name":"wp","href":"https:\/\/api.w.org\/{rel}","templated":true}]}}