{"id":23,"date":"2022-11-14T08:49:36","date_gmt":"2022-11-14T08:49:36","guid":{"rendered":"https:\/\/www.son.cz\/?page_id=23"},"modified":"2025-10-06T10:58:06","modified_gmt":"2025-10-06T10:58:06","slug":"o-nas","status":"publish","type":"page","link":"https:\/\/www.son.cz\/?page_id=23","title":{"rendered":"O N\u00c1S"},"content":{"rendered":"<p>[et_pb_section fb_built=&#8220;1&#8243; _builder_version=&#8220;4.19.0&#8243; _module_preset=&#8220;default&#8220; background_image=&#8220;http:\/\/www.son.cz\/wp-content\/uploads\/2022\/11\/SON-o.png&#8220; global_colors_info=&#8220;{}&#8220;][et_pb_row _builder_version=&#8220;4.19.1&#8243; _module_preset=&#8220;default&#8220; background_color=&#8220;#FFFFFF&#8220; max_width=&#8220;80%&#8220; border_radii=&#8220;on|4px|4px|4px|4px&#8220; border_width_all=&#8220;20px&#8220; border_color_all=&#8220;#FFFFFF&#8220; global_colors_info=&#8220;{}&#8220;][et_pb_column type=&#8220;4_4&#8243; _builder_version=&#8220;4.19.0&#8243; _module_preset=&#8220;default&#8220; global_colors_info=&#8220;{}&#8220;][et_pb_text _builder_version=&#8220;4.27.0&#8243; _module_preset=&#8220;default&#8220; header_font=&#8220;Lexend Deca||||||||&#8220; header_2_font=&#8220;Lexend Deca|600|||||||&#8220; header_2_text_color=&#8220;#E02B20&#8243; header_2_font_size=&#8220;22px&#8220; header_3_font=&#8220;Lexend Deca|600|||||||&#8220; header_3_text_color=&#8220;#20407d&#8220; header_3_font_size=&#8220;42px&#8220; custom_padding=&#8220;|||49px|false|false&#8220; hover_enabled=&#8220;0&#8243; global_colors_info=&#8220;{}&#8220; custom_padding_last_edited=&#8220;on|phone&#8220; custom_padding_phone=&#8220;|||0px|false|false&#8220; sticky_enabled=&#8220;0&#8243; custom_padding_tablet=&#8220;|||49px|false|false&#8220;]<\/p>\n<h2>O N\u00c1S<\/h2>\n<h3>Sdru\u017een\u00ed n\u00e1jemn\u00edk\u016f \u010cR<\/h3>\n<p>[\/et_pb_text][et_pb_text _builder_version=&#8220;4.27.0&#8243; _module_preset=&#8220;default&#8220; text_font=&#8220;Lexend Deca|300|||||||&#8220; text_font_size=&#8220;17px&#8220; max_width=&#8220;92%&#8220; module_alignment=&#8220;center&#8220; global_colors_info=&#8220;{}&#8220;]<\/p>\n<p><strong>Jsme ob\u010dansk\u00e9 sdru\u017een\u00ed. Pracujeme na principu lidsk\u00e9 solidarity a neziskovosti.<\/strong><\/p>\n<p>P\u016fsob\u00edme na cel\u00e9m \u00fazem\u00ed \u010cesk\u00e9 republiky. Jsme zakl\u00e1daj\u00edc\u00edm \u010dlenem n\u011bkolika dal\u0161\u00edch spolk\u016f (Sdru\u017een\u00ed bytov\u00fdch poraden, z.s., Bytov\u00e9 poradenstv\u00ed \u010cR, z.s., Asociace bytov\u00fdch poraden, z.s), kter\u00e9 se zam\u011b\u0159uj\u00ed na bytovou problematiku. Poskytujeme informace v oblasti n\u00e1jemn\u00edho, dru\u017estevn\u00edho i vlastnick\u00e9ho bydlen\u00ed.<\/p>\n<p>Od roku 1995 jsme \u0159\u00e1dn\u00fdmi \u010dleny Mezin\u00e1rodn\u00ed unie n\u00e1jemn\u00edk\u016f\/International Union of Tenants. Jsme jedinou organizac\u00ed ze zem\u00ed b\u00fdval\u00e9ho RVHP, kter\u00e1 m\u00e1 zastoupen\u00ed v 11- \u010dlenn\u00e9m veden\u00ed t\u00e9to sv\u011btov\u00e9 organizace nep\u0159etr\u017eit\u011b od roku 2000. Jsme tak\u00e9 jedinou organizac\u00ed v \u010cR zastupuj\u00edc\u00ed a h\u00e1j\u00edc\u00ed pr\u00e1va n\u00e1jemc\u016f a u\u017eivatel\u016f byt\u016f a dom\u016f.<\/p>\n<p>\u00dazce spolupracujeme s Ministerstvem pro m\u00edstn\u00ed rozvoj, Ministerstvem pr\u00e1ce a soci\u00e1ln\u00edch v\u011bc\u00ed a dal\u0161\u00edmi org\u00e1ny ve\u0159ejn\u00e9 moci. Jako organizace h\u00e1j\u00edc\u00ed pr\u00e1va n\u00e1jemc\u016f pravideln\u011b jedn\u00e1me s velk\u00fdmi pronaj\u00edmateli, spr\u00e1vci a obcemi. Pom\u00e1h\u00e1me s vyjedn\u00e1v\u00e1n\u00edm smluvn\u00edch podm\u00ednek a \u0161\u00ed\u0159en\u00edm etick\u00fdch princip\u016f v r\u00e1mci n\u00e1jemn\u00edho bydlen<\/p>\n<p><strong>Na\u0161\u00ed hlavn\u00ed \u010dinnost\u00ed je:<\/strong><\/p>\n<ul>\n<li>Poskytujeme pr\u00e1vn\u00ed a jin\u00e9 odborn\u00e9 poradenstv\u00ed v oblasti bytov\u00e9 problematiky formou osobn\u00edch, e-mailov\u00fdch \u010di osobn\u00edch konzultac\u00ed. Z\u00e1kladn\u00ed poradenstv\u00ed je poskytov\u00e1no zdarma. Na\u0161i poradci jsou advok\u00e1ti s dlouholetou prax\u00ed a jin\u00ed odborn\u00ed poradci s prax\u00ed v nemovitostech.<\/li>\n<li>Organizujeme a budujeme region\u00e1ln\u00ed poradensk\u00e1 centra s kontaktn\u00edmi m\u00edsty na cel\u00e9m \u00fazem\u00ed v \u010cR za \u00fa\u010delem poskytov\u00e1n\u00ed odborn\u00fdch konzultac\u00ed a konkr\u00e9tn\u00ed pomoci pro ob\u010dany v oblastech bydlen\u00ed (n\u00e1jemn\u00edho, dru\u017estevn\u00edho, vlastnick\u00e9ho, problematika vy\u00fa\u010dtov\u00e1n\u00ed slu\u017eeb, poskytov\u00e1n\u00ed st\u00e1tn\u00ed soc. podpory, problematika energi\u00ed).<\/li>\n<li>Po\u0159\u00e1d\u00e1me besedy, \u0161kolen\u00ed, semin\u00e1\u0159e, webin\u00e1\u0159e a konference s c\u00edlem chr\u00e1nit n\u00e1jemn\u00ed vztahy k byt\u016fm, vzd\u011bl\u00e1vat ob\u010dany a pracovn\u00edky organizac\u00ed, kter\u00e9 poskytuj\u00ed slu\u017eby a poradenstv\u00ed v oblasti bydlen\u00ed (nap\u0159. spr\u00e1vce bytov\u00fdch fond\u016f, realitn\u00ed makl\u00e9\u0159e, referenty obecn\u00edch \u00fa\u0159ad\u016f, z\u00e1stupce neziskov\u00fdch organizac\u00ed apod.).<\/li>\n<li>Vyd\u00e1v\u00e1me bro\u017eury a praktick\u00e9 p\u0159\u00edru\u010dky s vybran\u00fdmi ustanoven\u00edmi pr\u00e1vn\u00edch p\u0159edpis\u016f.<\/li>\n<li>Prosazujeme opr\u00e1vn\u011bn\u00e9 po\u017eadavky n\u00e1jemc\u016f a u\u017eivatel\u016f byt\u016f a dom\u016f p\u0159i jedn\u00e1n\u00edch s org\u00e1ny st\u00e1tn\u00ed spr\u00e1vy, (nap\u0159. \u00fa\u0159ady pr\u00e1ce) samospr\u00e1vy v\u0161ech stup\u0148\u016f a s dal\u0161\u00edmi pr\u00e1vn\u00edmi subjekty (nap\u0159. odborov\u00e9 svazy, seniorsk\u00e9 organizace, organizace pro zdravotn\u011b posti\u017een\u00e9 ob\u010dany; spolupr\u00e1ce s t\u011bmito org\u00e1ny a organizacemi.<\/li>\n<\/ul>\n<p>&nbsp;<\/p>\n<p><strong>Na\u0161\u00edm c\u00edlem je:<\/strong><\/p>\n<ul>\n<li>Chr\u00e1nit n\u00e1jemce a u\u017eivatele byt\u016f a dom\u016f.<\/li>\n<li>\u0160\u00ed\u0159it osv\u011btu a pomoc ob\u010dan\u016fm v soci\u00e1ln\u00ed nouzi.<\/li>\n<li>Pom\u00e1hat s orientac\u00ed ob\u010dan\u016f v soci\u00e1ln\u00edch d\u00e1vk\u00e1ch a prov\u00e1d\u011bt prevenci p\u0159ed soci\u00e1ln\u00edm vylou\u010den\u00edm.<\/li>\n<li>Prov\u00e1d\u011bt kroky vedouc\u00ed k udr\u017eitelnosti a zaji\u0161t\u011bn\u00ed dostupn\u00e9ho bydlen\u00ed.<\/li>\n<li>Zlep\u0161ovat informovanost ob\u010dan\u016f\u00a0 ve v\u011bcech souvisej\u00edc\u00edch s bydlen\u00edm.<\/li>\n<li>Minimalizovat soudn\u00ed spory a spory obecn\u011b.<\/li>\n<li>\u00da\u010dinn\u011b vyu\u017e\u00edvat, udr\u017eovat a budovat na\u0161i pozici v mezin\u00e1rodn\u00ed organizaci IUT.<\/li>\n<\/ul>\n<p>[\/et_pb_text][\/et_pb_column][\/et_pb_row][\/et_pb_section][et_pb_section fb_built=&#8220;1&#8243; _builder_version=&#8220;4.19.0&#8243; _module_preset=&#8220;default&#8220; custom_padding=&#8220;0px|||||&#8220; global_colors_info=&#8220;{}&#8220;][et_pb_row _builder_version=&#8220;4.19.0&#8243; _module_preset=&#8220;default&#8220; max_width=&#8220;80%&#8220; global_colors_info=&#8220;{}&#8220;][et_pb_column type=&#8220;4_4&#8243; _builder_version=&#8220;4.19.0&#8243; _module_preset=&#8220;default&#8220; global_colors_info=&#8220;{}&#8220;][et_pb_text _builder_version=&#8220;4.19.2&#8243; _module_preset=&#8220;default&#8220; header_2_font=&#8220;Aleo|700|||||||&#8220; header_2_font_size=&#8220;40px&#8220; global_colors_info=&#8220;{}&#8220;]<\/p>\n<h2><\/h2>\n<h2><\/h2>\n<h2><\/h2>\n<h2>Projekt je podporov\u00e1n<\/h2>\n<p>[\/et_pb_text][\/et_pb_column][\/et_pb_row][et_pb_row column_structure=&#8220;1_2,1_2&#8243; _builder_version=&#8220;4.19.0&#8243; _module_preset=&#8220;default&#8220; max_width=&#8220;80%&#8220; global_colors_info=&#8220;{}&#8220;][et_pb_column type=&#8220;1_2&#8243; _builder_version=&#8220;4.19.0&#8243; _module_preset=&#8220;default&#8220; global_colors_info=&#8220;{}&#8220;][et_pb_image src=&#8220;http:\/\/www.son.cz\/wp-content\/uploads\/2022\/12\/mpsv_logo-1.png&#8220; title_text=&#8220;mpsv_logo&#8220; align=&#8220;center&#8220; disabled_on=&#8220;on|on|on&#8220; _builder_version=&#8220;4.20.4&#8243; _module_preset=&#8220;default&#8220; max_width=&#8220;83%&#8220; disabled=&#8220;on&#8220; global_colors_info=&#8220;{}&#8220;][\/et_pb_image][\/et_pb_column][et_pb_column type=&#8220;1_2&#8243; _builder_version=&#8220;4.19.0&#8243; _module_preset=&#8220;default&#8220; global_colors_info=&#8220;{}&#8220;][et_pb_image src=&#8220;http:\/\/www.son.cz\/wp-content\/uploads\/2022\/12\/MMR.png&#8220; title_text=&#8220;MMR&#8220; align=&#8220;center&#8220; _builder_version=&#8220;4.19.2&#8243; _module_preset=&#8220;default&#8220; max_width=&#8220;75%&#8220; custom_margin=&#8220;11px||0px||false|false&#8220; custom_padding=&#8220;0px||0px||false|false&#8220; global_colors_info=&#8220;{}&#8220;][\/et_pb_image][\/et_pb_column][\/et_pb_row][\/et_pb_section][et_pb_section fb_built=&#8220;1&#8243; _builder_version=&#8220;4.19.0&#8243; _module_preset=&#8220;default&#8220; global_colors_info=&#8220;{}&#8220; custom_padding=&#8220;||4px|||&#8220;][et_pb_row _builder_version=&#8220;4.19.0&#8243; _module_preset=&#8220;default&#8220; max_width=&#8220;80%&#8220; global_colors_info=&#8220;{}&#8220;][et_pb_column type=&#8220;4_4&#8243; _builder_version=&#8220;4.19.0&#8243; _module_preset=&#8220;default&#8220; global_colors_info=&#8220;{}&#8220;][et_pb_text _builder_version=&#8220;4.19.0&#8243; _module_preset=&#8220;default&#8220; header_2_font=&#8220;Aleo|700|||||||&#8220; header_2_font_size=&#8220;40px&#8220; global_colors_info=&#8220;{}&#8220;]<\/p>\n<h2>Partne\u0159i<\/h2>\n<p>[\/et_pb_text][\/et_pb_column][\/et_pb_row][et_pb_row column_structure=&#8220;1_4,1_4,1_4,1_4&#8243; _builder_version=&#8220;4.19.0&#8243; _module_preset=&#8220;default&#8220; max_width=&#8220;80%&#8220; global_colors_info=&#8220;{}&#8220;][et_pb_column type=&#8220;1_4&#8243; _builder_version=&#8220;4.19.0&#8243; _module_preset=&#8220;default&#8220; global_colors_info=&#8220;{}&#8220;][et_pb_image src=&#8220;http:\/\/www.son.cz\/wp-content\/uploads\/2022\/12\/csrb_hor_barevna_rgb-scaled.jpg&#8220; title_text=&#8220;Tisk&#8220; url=&#8220;https:\/\/www.csrb.cz\/&#8220; url_new_window=&#8220;on&#8220; align=&#8220;center&#8220; _builder_version=&#8220;4.27.0&#8243; _module_preset=&#8220;default&#8220; transform_scale=&#8220;128%|128%&#8220; transform_translate=&#8220;0px|5px&#8220; module_alignment=&#8220;center&#8220; custom_margin=&#8220;|0px||0px|false|false&#8220; custom_padding=&#8220;|||0px|false|false&#8220; hover_enabled=&#8220;0&#8243; global_colors_info=&#8220;{}&#8220; align_last_edited=&#8220;on|phone&#8220; align_phone=&#8220;left&#8220; sticky_enabled=&#8220;0&#8243; align_tablet=&#8220;center&#8220;][\/et_pb_image][\/et_pb_column][et_pb_column type=&#8220;1_4&#8243; _builder_version=&#8220;4.19.0&#8243; _module_preset=&#8220;default&#8220; global_colors_info=&#8220;{}&#8220;][et_pb_image src=&#8220;http:\/\/www.son.cz\/wp-content\/uploads\/2022\/12\/ZN_BYTY_Logotype_CMYK.png&#8220; title_text=&#8220;ZN_BYTY_Logotype_CMYK&#8220; url=&#8220;https:\/\/www.znbyty.cz\/&#8220; url_new_window=&#8220;on&#8220; align=&#8220;center&#8220; _builder_version=&#8220;4.27.0&#8243; _module_preset=&#8220;default&#8220; max_width=&#8220;69%&#8220; module_alignment=&#8220;center&#8220; custom_margin=&#8220;18px||||false|false&#8220; custom_padding=&#8220;|||0px|false|false&#8220; hover_enabled=&#8220;0&#8243; global_colors_info=&#8220;{}&#8220; align_last_edited=&#8220;on|phone&#8220; align_phone=&#8220;left&#8220; max_width_last_edited=&#8220;on|phone&#8220; sticky_enabled=&#8220;0&#8243; align_tablet=&#8220;center&#8220; max_width_tablet=&#8220;69%&#8220; max_width_phone=&#8220;69%&#8220;][\/et_pb_image][\/et_pb_column][et_pb_column type=&#8220;1_4&#8243; _builder_version=&#8220;4.19.0&#8243; _module_preset=&#8220;default&#8220; global_colors_info=&#8220;{}&#8220;][et_pb_image src=&#8220;http:\/\/www.son.cz\/wp-content\/uploads\/2022\/12\/logo-okolobytu-2-1.png&#8220; title_text=&#8220;logo-okolobytu-2-1&#8243; url=&#8220;https:\/\/okolobytu.cz\/&#8220; url_new_window=&#8220;on&#8220; _builder_version=&#8220;4.19.2&#8243; _module_preset=&#8220;default&#8220; max_width=&#8220;94%&#8220; custom_margin=&#8220;-10px||||false|false&#8220; global_colors_info=&#8220;{}&#8220;][\/et_pb_image][\/et_pb_column][et_pb_column type=&#8220;1_4&#8243; _builder_version=&#8220;4.19.0&#8243; _module_preset=&#8220;default&#8220; global_colors_info=&#8220;{}&#8220;][et_pb_image src=&#8220;http:\/\/www.son.cz\/wp-content\/uploads\/2022\/12\/logo-SFPI_R.jpg&#8220; title_text=&#8220;SFPI NAVRH barva_upraveny 4&#8243; url=&#8220;https:\/\/sfpi.cz\/&#8220; url_new_window=&#8220;on&#8220; _builder_version=&#8220;4.19.2&#8243; _module_preset=&#8220;default&#8220; max_width=&#8220;93%&#8220; custom_margin=&#8220;-1px||||false|false&#8220; global_colors_info=&#8220;{}&#8220;][\/et_pb_image][\/et_pb_column][\/et_pb_row][et_pb_row column_structure=&#8220;1_4,1_4,1_4,1_4&#8243; _builder_version=&#8220;4.19.0&#8243; _module_preset=&#8220;default&#8220; max_width=&#8220;80%&#8220; global_colors_info=&#8220;{}&#8220;][et_pb_column type=&#8220;1_4&#8243; _builder_version=&#8220;4.19.2&#8243; _module_preset=&#8220;default&#8220; global_colors_info=&#8220;{}&#8220;][et_pb_image src=&#8220;http:\/\/www.son.cz\/wp-content\/uploads\/2022\/11\/2.png&#8220; title_text=&#8220;2&#8243; url=&#8220;https:\/\/www.dumplnyuspor.cz\/&#8220; url_new_window=&#8220;on&#8220; _builder_version=&#8220;4.19.2&#8243; _module_preset=&#8220;default&#8220; width=&#8220;100%&#8220; max_width=&#8220;26%&#8220; module_alignment=&#8220;center&#8220; global_colors_info=&#8220;{}&#8220;][\/et_pb_image][\/et_pb_column][et_pb_column type=&#8220;1_4&#8243; _builder_version=&#8220;4.19.0&#8243; _module_preset=&#8220;default&#8220; global_colors_info=&#8220;{}&#8220;][\/et_pb_column][et_pb_column type=&#8220;1_4&#8243; _builder_version=&#8220;4.19.0&#8243; _module_preset=&#8220;default&#8220; global_colors_info=&#8220;{}&#8220;][\/et_pb_column][et_pb_column type=&#8220;1_4&#8243; _builder_version=&#8220;4.19.0&#8243; _module_preset=&#8220;default&#8220; global_colors_info=&#8220;{}&#8220;][\/et_pb_column][\/et_pb_row][\/et_pb_section][et_pb_section fb_built=&#8220;1&#8243; _builder_version=&#8220;4.19.0&#8243; _module_preset=&#8220;default&#8220; global_colors_info=&#8220;{}&#8220;][et_pb_row _builder_version=&#8220;4.19.0&#8243; _module_preset=&#8220;default&#8220; max_width=&#8220;80%&#8220; global_colors_info=&#8220;{}&#8220;][et_pb_column type=&#8220;4_4&#8243; _builder_version=&#8220;4.19.0&#8243; _module_preset=&#8220;default&#8220; global_colors_info=&#8220;{}&#8220;][et_pb_text _builder_version=&#8220;4.27.0&#8243; _module_preset=&#8220;default&#8220; header_2_font=&#8220;Aleo|700|||||||&#8220; header_2_font_size=&#8220;40px&#8220; global_colors_info=&#8220;{}&#8220;]<\/p>\n<h2>Pro m\u00e9dia<\/h2>\n<p>[\/et_pb_text][\/et_pb_column][\/et_pb_row][et_pb_row column_structure=&#8220;1_3,1_3,1_3&#8243; _builder_version=&#8220;4.19.0&#8243; _module_preset=&#8220;default&#8220; max_width=&#8220;80%&#8220; global_colors_info=&#8220;{}&#8220;][et_pb_column type=&#8220;1_3&#8243; _builder_version=&#8220;4.19.0&#8243; _module_preset=&#8220;default&#8220; global_colors_info=&#8220;{}&#8220;][et_pb_text _builder_version=&#8220;4.27.0&#8243; _module_preset=&#8220;default&#8220; global_colors_info=&#8220;{}&#8220;]<\/p>\n<p><strong><span style=\"text-decoration: underline; color: #0000ff;\"><a href=\"http:\/\/www.son.cz\/wp-content\/uploads\/2025\/03\/Logo-SON.zip\" style=\"color: #0000ff; text-decoration: underline;\">Logo SON<\/a><\/span><\/strong><\/p>\n<p><span style=\"color: #0000ff;\"><strong><span style=\"text-decoration: underline;\"><a href=\"http:\/\/www.son.cz\/wp-content\/uploads\/2025\/03\/Lenka-Vesela-foto.jpg.zip\" style=\"color: #0000ff; text-decoration: underline;\">Foto Lenka Vesel\u00e1<\/a><\/span><\/strong><\/span><\/p>\n<p>[\/et_pb_text][\/et_pb_column][et_pb_column type=&#8220;1_3&#8243; _builder_version=&#8220;4.19.0&#8243; _module_preset=&#8220;default&#8220; global_colors_info=&#8220;{}&#8220;][\/et_pb_column][et_pb_column type=&#8220;1_3&#8243; _builder_version=&#8220;4.19.0&#8243; _module_preset=&#8220;default&#8220; global_colors_info=&#8220;{}&#8220;][\/et_pb_column][\/et_pb_row][\/et_pb_section]<\/p>\n","protected":false},"excerpt":{"rendered":"<p>O N\u00c1S Sdru\u017een\u00ed n\u00e1jemn\u00edk\u016f \u010cRJsme ob\u010dansk\u00e9 sdru\u017een\u00ed. Pracujeme na principu lidsk\u00e9 solidarity a neziskovosti. P\u016fsob\u00edme na cel\u00e9m \u00fazem\u00ed \u010cesk\u00e9 republiky. Jsme zakl\u00e1daj\u00edc\u00edm \u010dlenem n\u011bkolika dal\u0161\u00edch spolk\u016f (Sdru\u017een\u00ed bytov\u00fdch poraden, z.s., Bytov\u00e9 poradenstv\u00ed \u010cR, z.s., Asociace bytov\u00fdch poraden, z.s), kter\u00e9 se zam\u011b\u0159uj\u00ed na bytovou problematiku. Poskytujeme informace v oblasti n\u00e1jemn\u00edho, dru\u017estevn\u00edho i vlastnick\u00e9ho bydlen\u00ed. Od roku [&hellip;]<\/p>\n","protected":false},"author":1,"featured_media":0,"parent":0,"menu_order":0,"comment_status":"closed","ping_status":"closed","template":"","meta":{"_et_pb_use_builder":"on","_et_pb_old_content":"","_et_gb_content_width":"","inline_featured_image":false,"footnotes":""},"class_list":["post-23","page","type-page","status-publish","hentry"],"_links":{"self":[{"href":"https:\/\/www.son.cz\/index.php?rest_route=\/wp\/v2\/pages\/23","targetHints":{"allow":["GET"]}}],"collection":[{"href":"https:\/\/www.son.cz\/index.php?rest_route=\/wp\/v2\/pages"}],"about":[{"href":"https:\/\/www.son.cz\/index.php?rest_route=\/wp\/v2\/types\/page"}],"author":[{"embeddable":true,"href":"https:\/\/www.son.cz\/index.php?rest_route=\/wp\/v2\/users\/1"}],"replies":[{"embeddable":true,"href":"https:\/\/www.son.cz\/index.php?rest_route=%2Fwp%2Fv2%2Fcomments&post=23"}],"version-history":[{"count":23,"href":"https:\/\/www.son.cz\/index.php?rest_route=\/wp\/v2\/pages\/23\/revisions"}],"predecessor-version":[{"id":1369,"href":"https:\/\/www.son.cz\/index.php?rest_route=\/wp\/v2\/pages\/23\/revisions\/1369"}],"wp:attachment":[{"href":"https:\/\/www.son.cz\/index.php?rest_route=%2Fwp%2Fv2%2Fmedia&parent=23"}],"curies":[{"name":"wp","href":"https:\/\/api.w.org\/{rel}","templated":true}]}}