{"id":1069,"date":"2024-07-16T05:54:01","date_gmt":"2024-07-16T05:54:01","guid":{"rendered":"https:\/\/www.son.cz\/?page_id=1069"},"modified":"2025-10-01T08:03:20","modified_gmt":"2025-10-01T08:03:20","slug":"zpravodaj","status":"publish","type":"page","link":"https:\/\/www.son.cz\/?page_id=1069","title":{"rendered":"Zpravodaj"},"content":{"rendered":"<p>[et_pb_section fb_built=&#8220;1&#8243; _builder_version=&#8220;4.19.0&#8243; _module_preset=&#8220;default&#8220; background_image=&#8220;http:\/\/www.son.cz\/wp-content\/uploads\/2022\/11\/SON-o.png&#8220; global_colors_info=&#8220;{}&#8220;][et_pb_row _builder_version=&#8220;4.19.1&#8243; _module_preset=&#8220;default&#8220; background_color=&#8220;#FFFFFF&#8220; max_width=&#8220;80%&#8220; border_radii=&#8220;on|4px|4px|4px|4px&#8220; border_width_all=&#8220;40px&#8220; border_color_all=&#8220;#FFFFFF&#8220; global_colors_info=&#8220;{}&#8220;][et_pb_column type=&#8220;4_4&#8243; _builder_version=&#8220;4.19.0&#8243; _module_preset=&#8220;default&#8220; global_colors_info=&#8220;{}&#8220;][et_pb_text _builder_version=&#8220;4.20.4&#8243; _module_preset=&#8220;default&#8220; header_2_font=&#8220;Lexend Deca|600|||||||&#8220; header_2_text_color=&#8220;#E02B20&#8243; header_2_font_size=&#8220;22px&#8220; header_3_font=&#8220;Lexend Deca|600|||||||&#8220; header_3_text_color=&#8220;#20407d&#8220; header_3_font_size=&#8220;42px&#8220; global_colors_info=&#8220;{}&#8220;]<\/p>\n<h2>INFORMACE<\/h2>\n<h3>Zpravodaj SON<\/h3>\n<p>[\/et_pb_text][\/et_pb_column][\/et_pb_row][et_pb_row column_structure=&#8220;1_5,1_5,1_5,1_5,1_5&#8243; _builder_version=&#8220;4.20.4&#8243; _module_preset=&#8220;default&#8220; background_color=&#8220;#FFFFFF&#8220; max_width=&#8220;80%&#8220; custom_margin=&#8220;-67px||||false|false&#8220; border_radii=&#8220;on|4px|4px|4px|4px&#8220; border_width_all=&#8220;40px&#8220; border_color_all=&#8220;#FFFFFF&#8220; global_colors_info=&#8220;{}&#8220;][et_pb_column type=&#8220;1_5&#8243; _builder_version=&#8220;4.19.0&#8243; _module_preset=&#8220;default&#8220; global_colors_info=&#8220;{}&#8220;][et_pb_text _builder_version=&#8220;4.27.0&#8243; _module_preset=&#8220;default&#8220; global_colors_info=&#8220;{}&#8220;]<\/p>\n<p><strong>\u010d. 3 2025<\/strong><\/p>\n<p>[\/et_pb_text][et_pb_image src=&#8220;http:\/\/www.son.cz\/wp-content\/uploads\/2025\/10\/SON-3-202544.jpeg&#8220; title_text=&#8220;SON-3-2025%9144%93&#8243; _builder_version=&#8220;4.27.0&#8243; _module_preset=&#8220;default&#8220; custom_margin=&#8220;-23px||||false|false&#8220; hover_enabled=&#8220;0&#8243; global_colors_info=&#8220;{}&#8220; url=&#8220;http:\/\/www.son.cz\/wp-content\/uploads\/2025\/10\/SON-3-2025.pdf&#8220; url_new_window=&#8220;on&#8220; sticky_enabled=&#8220;0&#8243;][\/et_pb_image][\/et_pb_column][et_pb_column type=&#8220;1_5&#8243; _builder_version=&#8220;4.19.0&#8243; _module_preset=&#8220;default&#8220; global_colors_info=&#8220;{}&#8220;][et_pb_text _builder_version=&#8220;4.27.0&#8243; _module_preset=&#8220;default&#8220; global_colors_info=&#8220;{}&#8220;]<\/p>\n<p><strong>\u010d. 2 2025<\/strong><\/p>\n<p>[\/et_pb_text][et_pb_image src=&#8220;http:\/\/www.son.cz\/wp-content\/uploads\/2025\/06\/SON-2-2025.png&#8220; title_text=&#8220;SON 2 2025&#8243; url=&#8220;http:\/\/www.son.cz\/wp-content\/uploads\/2025\/06\/SON-2-2025.pdf&#8220; url_new_window=&#8220;on&#8220; _builder_version=&#8220;4.27.0&#8243; _module_preset=&#8220;default&#8220; custom_margin=&#8220;-23px||||false|false&#8220; box_shadow_style=&#8220;preset1&#8243; global_colors_info=&#8220;{}&#8220;][\/et_pb_image][\/et_pb_column][et_pb_column type=&#8220;1_5&#8243; _builder_version=&#8220;4.19.0&#8243; _module_preset=&#8220;default&#8220; global_colors_info=&#8220;{}&#8220;][et_pb_text _builder_version=&#8220;4.27.0&#8243; _module_preset=&#8220;default&#8220; global_colors_info=&#8220;{}&#8220;]<\/p>\n<p><strong>\u010d. 1 2025<\/strong><\/p>\n<p>[\/et_pb_text][et_pb_image src=&#8220;http:\/\/www.son.cz\/wp-content\/uploads\/2025\/04\/SON-1-2025.png&#8220; title_text=&#8220;SON-1-2025&#8243; url=&#8220;http:\/\/www.son.cz\/wp-content\/uploads\/2025\/04\/SON-1-2025.pdf&#8220; url_new_window=&#8220;on&#8220; _builder_version=&#8220;4.27.0&#8243; _module_preset=&#8220;default&#8220; custom_margin=&#8220;-23px||||false|false&#8220; box_shadow_style=&#8220;preset1&#8243; global_colors_info=&#8220;{}&#8220;][\/et_pb_image][\/et_pb_column][et_pb_column type=&#8220;1_5&#8243; _builder_version=&#8220;4.19.0&#8243; _module_preset=&#8220;default&#8220; global_colors_info=&#8220;{}&#8220;][et_pb_text _builder_version=&#8220;4.27.0&#8243; _module_preset=&#8220;default&#8220; global_colors_info=&#8220;{}&#8220;]<\/p>\n<p><strong>\u010d. 3 2024<\/strong><\/p>\n<p>[\/et_pb_text][et_pb_image src=&#8220;http:\/\/www.son.cz\/wp-content\/uploads\/2024\/12\/newslleter-122024.png&#8220; title_text=&#8220;newslleter 122024&#8243; url=&#8220;http:\/\/www.son.cz\/wp-content\/uploads\/2024\/12\/SON-3-2024.pdf&#8220; url_new_window=&#8220;on&#8220; _builder_version=&#8220;4.27.0&#8243; _module_preset=&#8220;default&#8220; custom_margin=&#8220;-23px||||false|false&#8220; box_shadow_style=&#8220;preset1&#8243; global_colors_info=&#8220;{}&#8220;][\/et_pb_image][\/et_pb_column][et_pb_column type=&#8220;1_5&#8243; _builder_version=&#8220;4.19.0&#8243; _module_preset=&#8220;default&#8220; global_colors_info=&#8220;{}&#8220;][et_pb_text _builder_version=&#8220;4.27.0&#8243; _module_preset=&#8220;default&#8220; global_colors_info=&#8220;{}&#8220;]<\/p>\n<p><strong>\u010d. 2 2024<\/strong><\/p>\n<p>[\/et_pb_text][et_pb_image src=&#8220;http:\/\/www.son.cz\/wp-content\/uploads\/2024\/10\/SON-2-2024.jpeg&#8220; title_text=&#8220;SON-2-2024&#8243; url=&#8220;http:\/\/www.son.cz\/wp-content\/uploads\/2024\/10\/SON-2-2024.pdf&#8220; url_new_window=&#8220;on&#8220; _builder_version=&#8220;4.27.0&#8243; _module_preset=&#8220;default&#8220; custom_margin=&#8220;-23px||||false|false&#8220; box_shadow_style=&#8220;preset1&#8243; global_colors_info=&#8220;{}&#8220;][\/et_pb_image][\/et_pb_column][\/et_pb_row][et_pb_row column_structure=&#8220;1_5,1_5,1_5,1_5,1_5&#8243; _builder_version=&#8220;4.20.4&#8243; _module_preset=&#8220;default&#8220; background_color=&#8220;#FFFFFF&#8220; max_width=&#8220;80%&#8220; custom_margin=&#8220;-67px||||false|false&#8220; border_radii=&#8220;on|4px|4px|4px|4px&#8220; border_width_all=&#8220;40px&#8220; border_color_all=&#8220;#FFFFFF&#8220; global_colors_info=&#8220;{}&#8220;][et_pb_column type=&#8220;1_5&#8243; _builder_version=&#8220;4.19.0&#8243; _module_preset=&#8220;default&#8220; global_colors_info=&#8220;{}&#8220;][et_pb_text _builder_version=&#8220;4.20.4&#8243; _module_preset=&#8220;default&#8220; global_colors_info=&#8220;{}&#8220;]<\/p>\n<p><strong>\u010d. 1 2024<\/strong><\/p>\n<p>[\/et_pb_text][et_pb_image src=&#8220;http:\/\/www.son.cz\/wp-content\/uploads\/2024\/07\/1_2024.jpeg&#8220; title_text=&#8220;1_2024&#8243; url=&#8220;http:\/\/www.son.cz\/wp-content\/uploads\/2024\/07\/1_2024.pdf&#8220; url_new_window=&#8220;on&#8220; _builder_version=&#8220;4.20.4&#8243; _module_preset=&#8220;default&#8220; custom_margin=&#8220;-23px||||false|false&#8220; box_shadow_style=&#8220;preset1&#8243; global_colors_info=&#8220;{}&#8220;][\/et_pb_image][et_pb_text _builder_version=&#8220;4.27.0&#8243; _module_preset=&#8220;default&#8220; global_colors_info=&#8220;{}&#8220;][\/et_pb_text][\/et_pb_column][et_pb_column type=&#8220;1_5&#8243; _builder_version=&#8220;4.19.0&#8243; _module_preset=&#8220;default&#8220; global_colors_info=&#8220;{}&#8220;][\/et_pb_column][et_pb_column type=&#8220;1_5&#8243; _builder_version=&#8220;4.19.0&#8243; _module_preset=&#8220;default&#8220; global_colors_info=&#8220;{}&#8220;][\/et_pb_column][et_pb_column type=&#8220;1_5&#8243; _builder_version=&#8220;4.19.0&#8243; _module_preset=&#8220;default&#8220; global_colors_info=&#8220;{}&#8220;][\/et_pb_column][et_pb_column type=&#8220;1_5&#8243; _builder_version=&#8220;4.19.0&#8243; _module_preset=&#8220;default&#8220; global_colors_info=&#8220;{}&#8220;][\/et_pb_column][\/et_pb_row][et_pb_row _builder_version=&#8220;4.20.4&#8243; _module_preset=&#8220;default&#8220; background_color=&#8220;#FFFFFF&#8220; max_width=&#8220;80%&#8220; custom_margin=&#8220;-67px||||false|false&#8220; border_radii=&#8220;on|4px|4px|4px|4px&#8220; border_width_all=&#8220;40px&#8220; border_color_all=&#8220;#FFFFFF&#8220; global_colors_info=&#8220;{}&#8220;][et_pb_column type=&#8220;4_4&#8243; _builder_version=&#8220;4.19.0&#8243; _module_preset=&#8220;default&#8220; global_colors_info=&#8220;{}&#8220;][et_pb_text _builder_version=&#8220;4.20.4&#8243; _module_preset=&#8220;default&#8220; global_colors_info=&#8220;{}&#8220;]<\/p>\n<h4>Chcete m\u00edt v\u017edy aktu\u00e1ln\u00ed informace z legislativy a praxe v oblasti n\u00e1jemn\u00edho bydlen\u00ed? Nechejte si pos\u00edl\u00e1t n\u00e1\u0161 Zpravodaj SON p\u0159\u00edmo do va\u0161\u00ed schr\u00e1nky. Sta\u010d\u00ed, kdy\u017e n\u00e1m zanech\u00e1te v\u00e1\u0161 e-mail.<\/h4>\n<p>[\/et_pb_text][et_pb_code _builder_version=&#8220;4.20.4&#8243; _module_preset=&#8220;default&#8220; global_colors_info=&#8220;{}&#8220;]<link href=\"https:\/\/csrb.clipsan.com\/skin\/form-basic.css?v=20180512\" media=\"screen\" rel=\"stylesheet\" type=\"text\/css\" \/>\n<style> #cs-form-b152e276a9 {color: #ffffff} #cs-form-b152e276a9 .cs-form-envelope {background-color: #20407d} #cs-form-b152e276a9 input {background-color: #ffffff} #cs-form-b152e276a9 h1 {display: none} #cs-form-b152e276a9 .cs-form-group > label {} #cs-form-b152e276a9 .cs-form-pretext {display: none} #cs-form-b152e276a9 .cs-form-posttext {display: none} #cs-form-b152e276a9 .cs-form-gdpr {} #cs-form-b152e276a9 .cs-form-gdpr-desc {} #cs-form-b152e276a9 .cs-form-gdpr-legal {} #cs-form-b152e276a9 .cs-form-gdpr-privacy {} #cs-form-b152e276a9 .cs-form-footer-custom {} #cs-form-b152e276a9 .cs-form-btn-env {text-align: left} #cs-form-b152e276a9 .cs-form-btn {; color: #ffffff; background-color: #e02b20} #cs-form-b152e276a9 .cs-form-btn:focus, #cs-form-b152e276a9 .cs-form-btn:active, #cs-form-b152e276a9 .cs-form-btn:active:focus, #cs-form-b152e276a9 .cs-form-btn:hover {} <\/style>\n<div class=\"cs-form-container\" id=\"cs-form-b152e276a9\">\n<h1>P\u0159ihl\u00e1\u0161en\u00ed k odb\u011bru zpr\u00e1v<\/h1>\n<div class=\"cs-form-envelope\">\n<div class=\"cs-form-pretext\">Vypl\u0148te pros\u00edm n\u00e1sleduj\u00edc\u00ed formul\u00e1\u0159 pro registraci k odb\u011bru zpr\u00e1v.<\/div>\n<form action=\"https:\/\/csrb.clipsan.com\/cs\/csfrm\/b152e276a9\" method=\"post\" onsubmit=\"this.csurl.value = document.URL\" target=\"_top\" id=\"cs-form-element-b152e276a9\">\n<div class=\"cs-fields\">\n<div class=\"cs-form-group cs-email\"><label class=\"cs-control-label\" for=\"cs-input-5892\">V\u00e1\u0161 email<\/label><\/p>\n<div class=\"cs-input-env\"><input type=\"email\" class=\"cs-form-control\" required name=\"input-5892\" id=\"cs-input-5892\" placeholder=\"Zadejte svou emailovou adresu\" value=\"\"><\/div>\n<\/div>\n<\/div>\n<div class=\"cs-form-btn-env\"><button type=\"submit\" class=\"cs-form-btn \" >P\u0159ihl\u00e1sit<\/button><\/div>\n<p><input type=\"hidden\" name=\"csurl\" value=\"\" \/><input type=\"hidden\" name=\"cs-submit-b152e276a9\" value=\"1\" \/><\/form>\n<div class=\"cs-form-posttext\">Va\u0161e \u00fadaje jsou v bezpe\u010d\u00ed.<\/div>\n<\/div>\n<div class=\"cs-form-footer\">\n<div class=\"cs-form-footer-custom\"> \u00a9 2018 XYZ s.r.o. <\/div>\n<div class=\"cs-form-footer-clipsan\"><small>Vytvo\u0159eno v marketingov\u00e9m syst\u00e9mu <a href=\"https:\/\/clipsan.com\/cs\/?utm_source=clipsan&#038;utm_medium=form&#038;utm_campaign=sign\" target=\"_blank\" rel=\"noopener\">Clipsan<\/a><\/small><\/div>\n<\/div>\n<\/div>\n<p>[\/et_pb_code][\/et_pb_column][\/et_pb_row][\/et_pb_section]<\/p>\n","protected":false},"excerpt":{"rendered":"<p>INFORMACE Zpravodaj SON\u010d. 3 2025\u010d. 2 2025\u010d. 1 2025\u010d. 3 2024\u010d. 2 2024\u010d. 1 2024Chcete m\u00edt v\u017edy aktu\u00e1ln\u00ed informace z legislativy a praxe v oblasti n\u00e1jemn\u00edho bydlen\u00ed? Nechejte si pos\u00edl\u00e1t n\u00e1\u0161 Zpravodaj SON p\u0159\u00edmo do va\u0161\u00ed schr\u00e1nky. Sta\u010d\u00ed, kdy\u017e n\u00e1m zanech\u00e1te v\u00e1\u0161 e-mail.<\/p>\n","protected":false},"author":2,"featured_media":0,"parent":0,"menu_order":0,"comment_status":"closed","ping_status":"closed","template":"","meta":{"_et_pb_use_builder":"on","_et_pb_old_content":"","_et_gb_content_width":"","inline_featured_image":false,"footnotes":""},"class_list":["post-1069","page","type-page","status-publish","hentry"],"_links":{"self":[{"href":"https:\/\/www.son.cz\/index.php?rest_route=\/wp\/v2\/pages\/1069","targetHints":{"allow":["GET"]}}],"collection":[{"href":"https:\/\/www.son.cz\/index.php?rest_route=\/wp\/v2\/pages"}],"about":[{"href":"https:\/\/www.son.cz\/index.php?rest_route=\/wp\/v2\/types\/page"}],"author":[{"embeddable":true,"href":"https:\/\/www.son.cz\/index.php?rest_route=\/wp\/v2\/users\/2"}],"replies":[{"embeddable":true,"href":"https:\/\/www.son.cz\/index.php?rest_route=%2Fwp%2Fv2%2Fcomments&post=1069"}],"version-history":[{"count":17,"href":"https:\/\/www.son.cz\/index.php?rest_route=\/wp\/v2\/pages\/1069\/revisions"}],"predecessor-version":[{"id":1334,"href":"https:\/\/www.son.cz\/index.php?rest_route=\/wp\/v2\/pages\/1069\/revisions\/1334"}],"wp:attachment":[{"href":"https:\/\/www.son.cz\/index.php?rest_route=%2Fwp%2Fv2%2Fmedia&parent=1069"}],"curies":[{"name":"wp","href":"https:\/\/api.w.org\/{rel}","templated":true}]}}